{"id":76,"date":"2016-02-11T12:33:50","date_gmt":"2016-02-11T11:33:50","guid":{"rendered":"http:\/\/aufkleber-druck-profi.de\/?page_id=76"},"modified":"2017-08-22T11:26:33","modified_gmt":"2017-08-22T09:26:33","slug":"fussbodenaufkleber","status":"publish","type":"page","link":"https:\/\/aufkleber-druck-profi.de\/?page_id=76","title":{"rendered":"Fu\u00dfbodenaufkleber"},"content":{"rendered":"<div class=\"page\" title=\"Page 3\">\n<div class=\"layoutArea\">\n<div class=\"column\">\n<p>Eine ganz spezielle Anwendung des Aufklebers ist der Fu\u00dfbodenaufkleber. Fu\u00dfbodenaufkleber sind ein preiswertes und effektives Werbeme- dium direkt am PoS \u2013 dem Point-Of-Sale. Bedruckte Fu\u00dfbodenaufkleber (auch Groundposter, Footprint, Floorgraphics oder Fu\u00dfbodengrafik genannt) erhalten Sie in zahlreichen Variationen, Gr\u00f6\u00dfen und Formen.<\/p>\n<p>Die sehr fein strukturierte und angerauhte Folie muss vor allem rutschfest sein.<br \/>\nDas ist ganz wichtig, denn alles, was auf dem Boden liegt oder klebt, darf keinesfalls dazu f\u00fchren,<br \/>\ndass ein Passant\/Kunde ausrutschen und sich verletzen k\u00f6nnte.<br \/>\nTipp: Achten Sie darauf, den Fu\u00dfbodenaufkleber mit Zertifizierung in Bezug auf die Rutschfestigkeit zu bekommen.<\/p>\n<p>Die Fu\u00dfbodenwerbung eignet sich f\u00fcr verschiedenste Oberfl\u00e4chen: ganz egal ob indoor oder outdoor,<br \/>\nob glatter oder rauer Untergrund, ob f\u00fcr Fliesen, Glas, PVC, oder Holz.<br \/>\nMit einem Fu\u00dfbodenaufkleber transportieren Sie Werbebotschaften aufmerksamkeitsstark zu Ihren Kunden.<\/p>\n<p>Gut zu wissen: Bei Fu\u00dfbodenaufklebern sind auch Frei-Formen mit Sonderstanzungen m\u00f6glich.<br \/>\nDurch das Arbeiten mit einer Schneidekontur k\u00f6nnen entstehen individuelle Formen.<br \/>\nDiese neue Technik er\u00f6ffnet Ihnen unendlich viele und individuelle Gestaltungsformen.<\/p>\n<h6>Formate und Formen<\/h6>\n<\/div>\n<\/div>\n<div class=\"page\" title=\"Page 3\">\n<div class=\"layoutArea\">\n<div class=\"column\">\n<p>Als Tr\u00e4germaterial dient eine mittelstarke selbstklebende 150-170g PVC-Folie in Wei\u00df oder Transparent.<br \/>\nDa die Druckmaschinen Endlosfolien verwenden k\u00f6nnen, ist lediglich die Breite auf ca. 160 cm begrenzt, w\u00e4hrend die L\u00e4nge auch 20 m oder mehr betragen kann. Nach dem Druckdurchgang wird der Aufkleber mit einer witterungsbest\u00e4ndig, matten Folie versehen, der den Aufkleber dauerhaft sch\u00fctzt.<\/p>\n<p>Was die Formen angeht, sind durch die heutigen Druckmaschinen s\u00e4mtliche Sonderformen m\u00f6glich.<br \/>\nSie m\u00fcssen sich also nicht auf quadrati- sche, runde, ovale oder rechteckige Formen beschr\u00e4nken.<br \/>\nAuch Sonderformen als Herz, Auto, Flugzeug, Blumen, Haus, Hund, Katze etc. sind problemlos herzustellen.<\/p>\n<\/div>\n<\/div>\n<\/div>\n<\/div>\n","protected":false},"excerpt":{"rendered":"<p>Eine ganz spezielle Anwendung des Aufklebers ist der Fu\u00dfbodenaufkleber. Fu\u00dfbodenaufkleber sind ein preiswertes und effektives Werbeme- dium direkt am PoS<\/p>\n","protected":false},"author":1,"featured_media":0,"parent":0,"menu_order":0,"comment_status":"closed","ping_status":"closed","template":"","meta":{"footnotes":""},"class_list":["post-76","page","type-page","status-publish","hentry"],"_links":{"self":[{"href":"https:\/\/aufkleber-druck-profi.de\/index.php?rest_route=\/wp\/v2\/pages\/76","targetHints":{"allow":["GET"]}}],"collection":[{"href":"https:\/\/aufkleber-druck-profi.de\/index.php?rest_route=\/wp\/v2\/pages"}],"about":[{"href":"https:\/\/aufkleber-druck-profi.de\/index.php?rest_route=\/wp\/v2\/types\/page"}],"author":[{"embeddable":true,"href":"https:\/\/aufkleber-druck-profi.de\/index.php?rest_route=\/wp\/v2\/users\/1"}],"replies":[{"embeddable":true,"href":"https:\/\/aufkleber-druck-profi.de\/index.php?rest_route=%2Fwp%2Fv2%2Fcomments&post=76"}],"version-history":[{"count":13,"href":"https:\/\/aufkleber-druck-profi.de\/index.php?rest_route=\/wp\/v2\/pages\/76\/revisions"}],"predecessor-version":[{"id":351,"href":"https:\/\/aufkleber-druck-profi.de\/index.php?rest_route=\/wp\/v2\/pages\/76\/revisions\/351"}],"wp:attachment":[{"href":"https:\/\/aufkleber-druck-profi.de\/index.php?rest_route=%2Fwp%2Fv2%2Fmedia&parent=76"}],"curies":[{"name":"wp","href":"https:\/\/api.w.org\/{rel}","templated":true}]}}