{"id":68,"date":"2016-02-11T12:32:27","date_gmt":"2016-02-11T11:32:27","guid":{"rendered":"http:\/\/aufkleber-druck-profi.de\/?page_id=68"},"modified":"2017-08-22T10:56:53","modified_gmt":"2017-08-22T08:56:53","slug":"laminierte-aufkleber","status":"publish","type":"page","link":"https:\/\/aufkleber-druck-profi.de\/?page_id=68","title":{"rendered":"Laminierte Aufkleber"},"content":{"rendered":"<div class=\"page\" title=\"Page 4\">\n<div class=\"layoutArea\">\n<div class=\"column\">\n<p>Der gro\u00dfe Vorteil laminierter Aufkleber liegt in der besonders langen Haltbarkeit. Daher k\u00f6nnen sie vielf\u00e4ltig und dauerhaft eingesetzt werden. Sie eignen sich sowohl f\u00fcr den Innen- als auch f\u00fcr den Au\u00dfenbereich,<br \/>\nda die Aufkleber wetter- und wasserfest sowie UV-best\u00e4ndig sind.<br \/>\nDank eines speziellen Schutzlaminats sind die individuell gefertigten laminierten Aufkleber vor Schmutz und auch vor mechanischer Beanspruchung gesch\u00fctzt.<br \/>\nDie Aufkleber werden auf einer speziellen Polymerfolie unter Zuhilfenahme von umweltfreundlichen Latextinten hergestellt. Was die Haltbarkeit von laminierten Aufklebern angeht, liegen diese ebenfalls weit vorn:<br \/>\nsie betr\u00e4gt bis zu 7 Jahre.<\/p>\n<p>&nbsp;<\/p>\n<h6>Formate<\/h6>\n<p>Auch bei laminierten Aufklebern herrscht eine nahezu unbegrenzte Formatauswahl. Neben den DIN-Formaten sind auch beinahe alle anderen Formate und Formen m\u00f6glich. Ob Miniformat oder Riesenaufkleber \u2013 alles ist m\u00f6glich! Neben eckig, oval, rund oder Sonderformen (Herz, Kleeblatt, Flugzeug, Stern &#8230;) sind nat\u00fcrlich auch Wunschformate bedruckbar.<\/p>\n<\/div>\n<p><strong>DIN-Formate<br \/>\n<\/strong>A8 (5,2 x 7,4 cm) \u00a0 \u00a0 \u00a0 \u00a0 \u00a0 \u00a0 \u00a0 \u00a0 \u00a0 \u00a0 \u00a0 \u00a0A7 (7,4 x 10,5 cm) \u00a0 \u00a0 \u00a0 \u00a0 \u00a0 \u00a0 \u00a0 \u00a0A7 lang (5,2 x 14,8 cm)<br \/>\nA6 (10,5 x 14,8) \u00a0 \u00a0 \u00a0 \u00a0 \u00a0 \u00a0 \u00a0 \u00a0 \u00a0 \u00a0 \u00a0 \u00a0 \u00a0A6 lang (7,4 x 21 cm) \u00a0 \u00a0 \u00a0 \u00a0 \u00a0 A5 (14,8 x 21 cm)<br \/>\nA5 lang ( 14,8 x 29,7 cm) \u00a0 \u00a0 \u00a0 \u00a0 A4 (21 x 29,7 cm) \u00a0 \u00a0 \u00a0 \u00a0 \u00a0 \u00a0 \u00a0 \u00a0 \u00a0A4 lang (9,8 x 21 cm)<br \/>\nA3 (29,7 x 42 cm) \u00a0 \u00a0 \u00a0 \u00a0 \u00a0 \u00a0 \u00a0 \u00a0 \u00a0 \u00a0 \u00a0A2 (42 x 59,4 cm) \u00a0 \u00a0 \u00a0 \u00a0 \u00a0 \u00a0 \u00a0 \u00a0 A1 (59,4 x 84,1 cm)<\/p>\n<\/div>\n<\/div>\n","protected":false},"excerpt":{"rendered":"<p>Der gro\u00dfe Vorteil laminierter Aufkleber liegt in der besonders langen Haltbarkeit. Daher k\u00f6nnen sie vielf\u00e4ltig und dauerhaft eingesetzt werden. Sie<\/p>\n","protected":false},"author":1,"featured_media":0,"parent":0,"menu_order":0,"comment_status":"closed","ping_status":"closed","template":"","meta":{"footnotes":""},"class_list":["post-68","page","type-page","status-publish","hentry"],"_links":{"self":[{"href":"https:\/\/aufkleber-druck-profi.de\/index.php?rest_route=\/wp\/v2\/pages\/68","targetHints":{"allow":["GET"]}}],"collection":[{"href":"https:\/\/aufkleber-druck-profi.de\/index.php?rest_route=\/wp\/v2\/pages"}],"about":[{"href":"https:\/\/aufkleber-druck-profi.de\/index.php?rest_route=\/wp\/v2\/types\/page"}],"author":[{"embeddable":true,"href":"https:\/\/aufkleber-druck-profi.de\/index.php?rest_route=\/wp\/v2\/users\/1"}],"replies":[{"embeddable":true,"href":"https:\/\/aufkleber-druck-profi.de\/index.php?rest_route=%2Fwp%2Fv2%2Fcomments&post=68"}],"version-history":[{"count":10,"href":"https:\/\/aufkleber-druck-profi.de\/index.php?rest_route=\/wp\/v2\/pages\/68\/revisions"}],"predecessor-version":[{"id":361,"href":"https:\/\/aufkleber-druck-profi.de\/index.php?rest_route=\/wp\/v2\/pages\/68\/revisions\/361"}],"wp:attachment":[{"href":"https:\/\/aufkleber-druck-profi.de\/index.php?rest_route=%2Fwp%2Fv2%2Fmedia&parent=68"}],"curies":[{"name":"wp","href":"https:\/\/api.w.org\/{rel}","templated":true}]}}