{"id":489,"date":"2017-08-22T14:17:56","date_gmt":"2017-08-22T12:17:56","guid":{"rendered":"http:\/\/aufkleber-druck-profi.de\/?page_id=489"},"modified":"2017-08-24T10:53:06","modified_gmt":"2017-08-24T08:53:06","slug":"autoaufkleber","status":"publish","type":"page","link":"https:\/\/aufkleber-druck-profi.de\/?page_id=489","title":{"rendered":"Autoaufkleber"},"content":{"rendered":"<p>Beklebte Fahrzeuge geh\u00f6ren heutzutage zu den wichtigsten\u00a0Werbetr\u00e4gern. Man muss sich nicht erst eine Werbefl\u00e4che mieten und zudem ist die Werbung mobil. Zudem ist ein h\u00fcbsch beklebtes Fahrzeug ein richtiger Blickfang. Sie zeigen somit jedem, an dem Sie vorbeifahren, <strong>wer<\/strong> Sie sind, <strong>was<\/strong> Sie machen, <strong>wo<\/strong> Sie sind und <strong>wie<\/strong> man Sie erreichen kann.<\/p>\n<p>Die Aufkleber k\u00f6nnen \u00fcberall am Fahrzeug in verschiedenen Formen angebracht werden. Ob an der Motorhaube oder an der Heckscheibe.<\/p>\n<p>Mit den richtigen Aufkleberarten k\u00f6nnen Sie das meiste aus ihrer Fahrzeugbeklebung rausholen.<\/p>\n<p>Eine <strong>Magnetfolie<\/strong> k\u00f6nnen Sie an mehreren Fahrzeugen benutzen, da sie an metallischen Oberfl\u00e4chen haftet und leicht wieder zu entfernen ist. <strong>Scheibenaufkleber<\/strong> werden spiegelverkehrt gedruckt, damit man sie von innen ankleben kann, wodurch die Aufkleber von \u00e4u\u00dferlichen Einfl\u00fcssen gesch\u00fctzt sind. Einem Heckscheibenaufkleber k\u00f6nnen die Fahrer hinter Ihnen nicht entkommen. Der <strong>Konturenschnitt<\/strong> wird bei einzelnen Buchstaben oder Freiformen eingesetzt. Mit ihm kann man z.B. Buchstaben ohne Hintergrund aufkleben und die Farbe des Fahrzeugs als Hintergrundfarbe benutzen. Den <strong>Einzelaufkleber<\/strong> gibt es in allen Grundformen. Man benutzt ihn meist als gro\u00dffl\u00e4chigen Seitenaufkleber oder als Motorhaubenaufkleber.<\/p>\n<p>Aufkleber k\u00f6nnen r\u00fcckstandslos entfernt werden. Eventuelle R\u00fcckst\u00e4nde lassen sich mit Silikonentferner oder Isopropanol einfach entfernen.<\/p>\n","protected":false},"excerpt":{"rendered":"<p>Beklebte Fahrzeuge geh\u00f6ren heutzutage zu den wichtigsten\u00a0Werbetr\u00e4gern. Man muss sich nicht erst eine Werbefl\u00e4che mieten und zudem ist die Werbung<\/p>\n","protected":false},"author":7,"featured_media":0,"parent":0,"menu_order":0,"comment_status":"closed","ping_status":"closed","template":"","meta":{"footnotes":""},"class_list":["post-489","page","type-page","status-publish","hentry"],"_links":{"self":[{"href":"https:\/\/aufkleber-druck-profi.de\/index.php?rest_route=\/wp\/v2\/pages\/489","targetHints":{"allow":["GET"]}}],"collection":[{"href":"https:\/\/aufkleber-druck-profi.de\/index.php?rest_route=\/wp\/v2\/pages"}],"about":[{"href":"https:\/\/aufkleber-druck-profi.de\/index.php?rest_route=\/wp\/v2\/types\/page"}],"author":[{"embeddable":true,"href":"https:\/\/aufkleber-druck-profi.de\/index.php?rest_route=\/wp\/v2\/users\/7"}],"replies":[{"embeddable":true,"href":"https:\/\/aufkleber-druck-profi.de\/index.php?rest_route=%2Fwp%2Fv2%2Fcomments&post=489"}],"version-history":[{"count":1,"href":"https:\/\/aufkleber-druck-profi.de\/index.php?rest_route=\/wp\/v2\/pages\/489\/revisions"}],"predecessor-version":[{"id":490,"href":"https:\/\/aufkleber-druck-profi.de\/index.php?rest_route=\/wp\/v2\/pages\/489\/revisions\/490"}],"wp:attachment":[{"href":"https:\/\/aufkleber-druck-profi.de\/index.php?rest_route=%2Fwp%2Fv2%2Fmedia&parent=489"}],"curies":[{"name":"wp","href":"https:\/\/api.w.org\/{rel}","templated":true}]}}