{"id":271,"date":"2016-02-05T07:06:46","date_gmt":"2016-02-05T06:06:46","guid":{"rendered":"http:\/\/aufkleber-druck-profi.de\/?page_id=271"},"modified":"2017-08-22T10:05:06","modified_gmt":"2017-08-22T08:05:06","slug":"qrbarcode-aufkleber","status":"publish","type":"page","link":"https:\/\/aufkleber-druck-profi.de\/?page_id=271","title":{"rendered":"QR\/Barcode Aufkleber"},"content":{"rendered":"<div class=\"page\" title=\"Page 3\">\n<div class=\"layoutArea\">\n<div class=\"column\">\n<p>Aufkleber, die einen Barcode oder QR-Code (QR = Quick-Response) enthalten, kommen urspr\u00fcnglich aus der Automobilindustrie. Dort werden sie heute noch auf die Einzelteile der Komponenten geklebt, damit die Fertigungscomputer eine M\u00f6glichkeit der Zuordnung haben. Im Code sind zahlreiche Informationen enthalten,<br \/>\ndie eine korrekte Zuordnung enthalten.<\/p>\n<p>Nachdem die Automobilindustrie diese Aufkleber verwendet hat, haben sie Einzug in den Lebensmitteleinzelhandel erhlten. Heute gibt es fast keinen Artikel mehr, der ohne Barcode in den Verkaufsregalen steht. An der Kasse m\u00fcssen die Kassierer\/Kassiererinnen den Artikle nur noch \u00fcber das Leseger\u00e4t fahren, um den Verkaufspreis abzurechnen. Hinter den Kulissen der Kasse wird jedoch noch mehr durch den Lesevorgang ausgel\u00f6st. Wenn sich ein bestimmter Mindestvorrat eines Artikels ergibt, kann fr\u00fchzeitig eine Nachbestellung erfolgen, bevor es zu Lieferengp\u00e4ssen kommt.<\/p>\n<p>&nbsp;<\/p>\n<h6>Was bedeuten die Punkte und Striche in einem QR-Code?<\/h6>\n<div class=\"page\" title=\"Page 3\">\n<div class=\"layoutArea\">\n<div class=\"column\">\n<p>Durch Computertechnik wird eine Verschl\u00fcsselung vorgenommen, die Texte nach einem bestimmten Codierungsverfahren in Punkte und Striche umwandelt: in den QR-Code. Dieser QR-Code kann mittels einer Smartphone-App gelesen werden (QR-Code Scanner).<\/p>\n<p>In erster Linie werden QR-Codes verwendet, die auf eine bestimmte Webseite weiterleiten. Das erspart das m\u00fchevolle Tippen einer mitunter langen Webadresse. Auf dieser Webseite k\u00f6nnen nicht nur gew\u00f6hnliche Inhalte\/Informationen hinterlegt sein, sondern bspw. auch Filme, die dem Betrachter gezeigt werden.<\/p>\n<p>Eine weitere M\u00f6glichkeit in der Anwendung von QR-Codes sind Textnachrichten, die der Nutzer direkt auf seinem Smartphone lesen kann. Neben Produktinformationen oder Willkommensnachrichten k\u00f6nnen das auch Gewinncodes sein. Grunds\u00e4tzlich lassen sich alle Textinforma- tionen darstellen.<\/p>\n<p>Gern genutzt wird auch die M\u00f6glichkeit zur \u00dcbermittlung von digitalen Visitenkarten.<br \/>\nDurch das Scannen des QR-Codes mit dem Smartphone wird eine Visitenkarte mit allen Kontaktdaten angezeit. Diese kann auf Knopfdruck in die eigene Kontaktdatei des Smartphones \u00fcbernommen werden.<\/p>\n<\/div>\n<\/div>\n<\/div>\n<div class=\"page\" title=\"Page 3\">\n<div class=\"layoutArea\">\n<div class=\"column\">\n<p>&nbsp;<\/p>\n<h6>Wer kann einen QR-Code erzeugen?<\/h6>\n<p>Durch spezielle Computersoftware lassen sich die Barcodes und QR-Codes neben dem industriellen Bereich auch f\u00fcr den Privatbereich erzeugen. Ob f\u00fcr Warenkennzeichnungen oder zu Werbezwecken \u2013 die Anwendungen sind mittlerweile vielf\u00e4ltig. Preiswerte Software mit einem ordentlichen Funktionsumfang ist mittlerweile auch f\u00fcr Privatanwender erh\u00e4ltlich.<\/p>\n<\/div>\n<p>&nbsp;<\/p>\n<\/div>\n<\/div>\n<div class=\"page\" title=\"Page 4\">\n<div class=\"page\" title=\"Page 4\">\n<div class=\"layoutArea\">\n<div class=\"column\">\n<h6>Formate<\/h6>\n<p>Auch bei diesen QR-Code-Aufklebern herrscht eine nahezu unbegrenzte Formatwahl.<br \/>\nNeben den DIN-Formaten sind auch beinahe alle anderen Formate und Formen m\u00f6glich.<br \/>\nOb Miniformat oder Riesenaufkleber \u2013 alles ist m\u00f6glich!<br \/>\nNeben eckig, oval, rund oder Sonderformen (Herz, Kleeblatt &#8230;) sind nat\u00fcrlich auch Wunschformate bedruckbar.<\/p>\n<p><strong>DIN-Formate<br \/>\n<\/strong>A8 (5,2 x 7,4 cm) \u00a0 \u00a0 \u00a0 \u00a0 \u00a0 \u00a0 \u00a0 \u00a0 \u00a0 \u00a0 \u00a0 \u00a0A7 (7,4 x 10,5 cm) \u00a0 \u00a0 \u00a0 \u00a0 \u00a0 \u00a0 \u00a0 \u00a0A7 lang (5,2 x 14,8 cm)<br \/>\nA6 (10,5 x 14,8) \u00a0 \u00a0 \u00a0 \u00a0 \u00a0 \u00a0 \u00a0 \u00a0 \u00a0 \u00a0 \u00a0 \u00a0 \u00a0A6 lang (7,4 x 21 cm) \u00a0 \u00a0 \u00a0 \u00a0 \u00a0 A5 (14,8 x 21 cm)<br \/>\nA5 lang ( 14,8 x 29,7 cm) \u00a0 \u00a0 \u00a0 \u00a0 A4 (21 x 29,7 cm) \u00a0 \u00a0 \u00a0 \u00a0 \u00a0 \u00a0 \u00a0 \u00a0 \u00a0A4 lang (9,8 x 21 cm)<br \/>\nA3 (29,7 x 42 cm) \u00a0 \u00a0 \u00a0 \u00a0 \u00a0 \u00a0 \u00a0 \u00a0 \u00a0 \u00a0 \u00a0A2 (42 x 59,4 cm) \u00a0 \u00a0 \u00a0 \u00a0 \u00a0 \u00a0 \u00a0 \u00a0 A1 (59,4 x 84,1 cm)<\/p>\n<\/div>\n<\/div>\n<\/div>\n<\/div>\n<\/div>\n<\/div>\n<\/div>\n","protected":false},"excerpt":{"rendered":"<p>Aufkleber, die einen Barcode oder QR-Code (QR = Quick-Response) enthalten, kommen urspr\u00fcnglich aus der Automobilindustrie. Dort werden sie heute noch<\/p>\n","protected":false},"author":1,"featured_media":0,"parent":0,"menu_order":0,"comment_status":"closed","ping_status":"closed","template":"","meta":{"footnotes":""},"class_list":["post-271","page","type-page","status-publish","hentry"],"_links":{"self":[{"href":"https:\/\/aufkleber-druck-profi.de\/index.php?rest_route=\/wp\/v2\/pages\/271","targetHints":{"allow":["GET"]}}],"collection":[{"href":"https:\/\/aufkleber-druck-profi.de\/index.php?rest_route=\/wp\/v2\/pages"}],"about":[{"href":"https:\/\/aufkleber-druck-profi.de\/index.php?rest_route=\/wp\/v2\/types\/page"}],"author":[{"embeddable":true,"href":"https:\/\/aufkleber-druck-profi.de\/index.php?rest_route=\/wp\/v2\/users\/1"}],"replies":[{"embeddable":true,"href":"https:\/\/aufkleber-druck-profi.de\/index.php?rest_route=%2Fwp%2Fv2%2Fcomments&post=271"}],"version-history":[{"count":17,"href":"https:\/\/aufkleber-druck-profi.de\/index.php?rest_route=\/wp\/v2\/pages\/271\/revisions"}],"predecessor-version":[{"id":370,"href":"https:\/\/aufkleber-druck-profi.de\/index.php?rest_route=\/wp\/v2\/pages\/271\/revisions\/370"}],"wp:attachment":[{"href":"https:\/\/aufkleber-druck-profi.de\/index.php?rest_route=%2Fwp%2Fv2%2Fmedia&parent=271"}],"curies":[{"name":"wp","href":"https:\/\/api.w.org\/{rel}","templated":true}]}}