{"id":179,"date":"2016-02-16T16:19:27","date_gmt":"2016-02-16T15:19:27","guid":{"rendered":"http:\/\/aufkleber-druck-profi.de\/?page_id=179"},"modified":"2017-08-24T11:40:13","modified_gmt":"2017-08-24T09:40:13","slug":"stanzungen","status":"publish","type":"page","link":"https:\/\/aufkleber-druck-profi.de\/?page_id=179","title":{"rendered":"Stanzungen"},"content":{"rendered":"<div class=\"page\" title=\"Page 5\">\n<div class=\"layoutArea\">\n<div class=\"column\">\n<p>Bei den individuellen Formen (Herz, Auto, Gl\u00fccksklee, &#8230;) k\u00f6nnen nach Wunsch gestanzt werden,<br \/>\nso dass Sie nach dem Produktionsvorgang den Aufkelber in der freien Form in den H\u00e4nden halten k\u00f6nnen.<\/p>\n<p>\u00dcbersch\u00fcssiges Material wird nach dem Stanzen entfernt. W\u00e4hrund vor noch nicht allzu langer Zeit eine eigene Stanzform hergestellt werden musste, k\u00f6nnen viele der neuen Produktionsmaschinen heute die Stanzformen in einem Produktionsvorgang herstellen. Das bedeutet f\u00fcr den Auftraggeber Kosten- und Zeitvorteile,<br \/>\ndie sich insbesondere bei Klein- und Kleinstauflagen auswirken.<\/p>\n<p><strong>Verschiedene Arten der Stanzung<\/strong><\/p>\n<p class=\"bodytext\">Stanzungen\u00a0dienen zur Veredelung von Drucksachen.<\/p>\n<p class=\"bodytext\">Grobe Formen wie Kreise, Sterne und Vierecke werden gestanzt (<strong>Stanzung<\/strong>). Feinere Formen k\u00f6nnen Heut zu Tage mit Hilfe des Lasercuts (<strong>Laserstanzung<\/strong>) hervorgebracht werden. Hierbei wird mittels eines Laserstrahls das Material in Form geschnitten.<\/p>\n<\/div>\n<\/div>\n<\/div>\n","protected":false},"excerpt":{"rendered":"<p>Bei den individuellen Formen (Herz, Auto, Gl\u00fccksklee, &#8230;) k\u00f6nnen nach Wunsch gestanzt werden, so dass Sie nach dem Produktionsvorgang den<\/p>\n","protected":false},"author":1,"featured_media":0,"parent":0,"menu_order":0,"comment_status":"closed","ping_status":"closed","template":"","meta":{"footnotes":""},"class_list":["post-179","page","type-page","status-publish","hentry"],"_links":{"self":[{"href":"https:\/\/aufkleber-druck-profi.de\/index.php?rest_route=\/wp\/v2\/pages\/179","targetHints":{"allow":["GET"]}}],"collection":[{"href":"https:\/\/aufkleber-druck-profi.de\/index.php?rest_route=\/wp\/v2\/pages"}],"about":[{"href":"https:\/\/aufkleber-druck-profi.de\/index.php?rest_route=\/wp\/v2\/types\/page"}],"author":[{"embeddable":true,"href":"https:\/\/aufkleber-druck-profi.de\/index.php?rest_route=\/wp\/v2\/users\/1"}],"replies":[{"embeddable":true,"href":"https:\/\/aufkleber-druck-profi.de\/index.php?rest_route=%2Fwp%2Fv2%2Fcomments&post=179"}],"version-history":[{"count":8,"href":"https:\/\/aufkleber-druck-profi.de\/index.php?rest_route=\/wp\/v2\/pages\/179\/revisions"}],"predecessor-version":[{"id":386,"href":"https:\/\/aufkleber-druck-profi.de\/index.php?rest_route=\/wp\/v2\/pages\/179\/revisions\/386"}],"wp:attachment":[{"href":"https:\/\/aufkleber-druck-profi.de\/index.php?rest_route=%2Fwp%2Fv2%2Fmedia&parent=179"}],"curies":[{"name":"wp","href":"https:\/\/api.w.org\/{rel}","templated":true}]}}