{"id":173,"date":"2016-02-16T16:18:31","date_gmt":"2016-02-16T15:18:31","guid":{"rendered":"http:\/\/aufkleber-druck-profi.de\/?page_id=173"},"modified":"2017-08-22T08:05:45","modified_gmt":"2017-08-22T06:05:45","slug":"sondermaterialien","status":"publish","type":"page","link":"https:\/\/aufkleber-druck-profi.de\/?page_id=173","title":{"rendered":"Sondermaterialien"},"content":{"rendered":"<p>In letzter Zeit werden immer h\u00e4ufiger Outdoor-Aufkleber auch f\u00fcr den Indoor-Bereich verwendet,<br \/>\nda die PVC-Folie insbesondere in der Werbung eine h\u00f6here Wertigkeit ausstrahlt und sich zudem besser wieder abl\u00f6sen l\u00e4sst.<\/p>\n<p>Aus diesem Grund gibt es sogar von der Industrie eigens entwickelte Spezialaufkleber, die leicht abl\u00f6sbar sind.<br \/>\nDadurch k\u00f6nnen u. a. auf Messen und Austellungen aktuelle Botschaften verklebt werden und anschlie\u00dfend wieder restlos entfernt werden.<\/p>\n<p>Aber auch das Gegenteil ist der Fall. Wenn Sie Aufkelber suchen, die besonders stark haften und nicht wieder entfernt werden sollen, hat die Industrie eine L\u00f6sung parat: extrem stark haftende Aufkleber.<br \/>\nDiese haften \u201cbombenfest\u201d auf Verpackungen, Maschinen und Inventar.<\/p>\n","protected":false},"excerpt":{"rendered":"<p>In letzter Zeit werden immer h\u00e4ufiger Outdoor-Aufkleber auch f\u00fcr den Indoor-Bereich verwendet, da die PVC-Folie insbesondere in der Werbung eine<\/p>\n","protected":false},"author":1,"featured_media":0,"parent":0,"menu_order":0,"comment_status":"closed","ping_status":"closed","template":"","meta":{"footnotes":""},"class_list":["post-173","page","type-page","status-publish","hentry"],"_links":{"self":[{"href":"https:\/\/aufkleber-druck-profi.de\/index.php?rest_route=\/wp\/v2\/pages\/173","targetHints":{"allow":["GET"]}}],"collection":[{"href":"https:\/\/aufkleber-druck-profi.de\/index.php?rest_route=\/wp\/v2\/pages"}],"about":[{"href":"https:\/\/aufkleber-druck-profi.de\/index.php?rest_route=\/wp\/v2\/types\/page"}],"author":[{"embeddable":true,"href":"https:\/\/aufkleber-druck-profi.de\/index.php?rest_route=\/wp\/v2\/users\/1"}],"replies":[{"embeddable":true,"href":"https:\/\/aufkleber-druck-profi.de\/index.php?rest_route=%2Fwp%2Fv2%2Fcomments&post=173"}],"version-history":[{"count":5,"href":"https:\/\/aufkleber-druck-profi.de\/index.php?rest_route=\/wp\/v2\/pages\/173\/revisions"}],"predecessor-version":[{"id":374,"href":"https:\/\/aufkleber-druck-profi.de\/index.php?rest_route=\/wp\/v2\/pages\/173\/revisions\/374"}],"wp:attachment":[{"href":"https:\/\/aufkleber-druck-profi.de\/index.php?rest_route=%2Fwp%2Fv2%2Fmedia&parent=173"}],"curies":[{"name":"wp","href":"https:\/\/api.w.org\/{rel}","templated":true}]}}