{"id":171,"date":"2016-02-16T16:18:22","date_gmt":"2016-02-16T15:18:22","guid":{"rendered":"http:\/\/aufkleber-druck-profi.de\/?page_id=171"},"modified":"2017-08-22T13:04:04","modified_gmt":"2017-08-22T11:04:04","slug":"duennblech","status":"publish","type":"page","link":"https:\/\/aufkleber-druck-profi.de\/?page_id=171","title":{"rendered":"Dokumentenkleber"},"content":{"rendered":"<div class=\"page\" title=\"Page 2\">\n<div class=\"layoutArea\">\n<div class=\"column\">\n<p>Klebrige R\u00fcckst\u00e4nde vom Kleber zu entfernen, ist eine Herausforderung.<br \/>\nDas kann besonders unangenehm sein, wenn der Kleber auf emp- findlichen Oberfl\u00e4chen getrocknet ist.<\/p>\n<p>Entfernen von Leim aus alten Dokumenten beinhaltet bspw. ein erh\u00f6htes Rei\u00df- und Knitterrisiko.<br \/>\nEs gibt zwar spezielle Fl\u00fcssigkeiten, die das Entfernen des Aufkelbers erleichtern, diese sind jedoch relativ teuer und erfordern ein hohes Ma\u00df an Zeit und Geschick.<\/p>\n<p>Einfacher ist es, von Anfang an einen speziellen Dokumentenkleber zu verwenden,<br \/>\nder sich einfach und m\u00fchelos entfernen l\u00e4sst, ohne dass Sch\u00e4den am Tr\u00e4germaterial (Papier) entstehen.<\/p>\n<p>Dokumentenkleber gibt es in fl\u00fcssiger Form und auch als Haftstreifen.<br \/>\nEgal, ob Sie zwei Papiere miteinander verkleben wollen oder zum Beispiel<br \/>\neinen Geldschein auf eine Gl\u00fcckwunschkarte kleben wollen<br \/>\n\u2013 mit diesem Kleber k\u00f6nnen Sie die verwendeten Materialien schadlos von- einander l\u00f6sen.<\/p>\n<\/div>\n<\/div>\n<\/div>\n","protected":false},"excerpt":{"rendered":"<p>Klebrige R\u00fcckst\u00e4nde vom Kleber zu entfernen, ist eine Herausforderung. Das kann besonders unangenehm sein, wenn der Kleber auf emp- findlichen<\/p>\n","protected":false},"author":1,"featured_media":0,"parent":0,"menu_order":0,"comment_status":"closed","ping_status":"closed","template":"","meta":{"footnotes":""},"class_list":["post-171","page","type-page","status-publish","hentry"],"_links":{"self":[{"href":"https:\/\/aufkleber-druck-profi.de\/index.php?rest_route=\/wp\/v2\/pages\/171","targetHints":{"allow":["GET"]}}],"collection":[{"href":"https:\/\/aufkleber-druck-profi.de\/index.php?rest_route=\/wp\/v2\/pages"}],"about":[{"href":"https:\/\/aufkleber-druck-profi.de\/index.php?rest_route=\/wp\/v2\/types\/page"}],"author":[{"embeddable":true,"href":"https:\/\/aufkleber-druck-profi.de\/index.php?rest_route=\/wp\/v2\/users\/1"}],"replies":[{"embeddable":true,"href":"https:\/\/aufkleber-druck-profi.de\/index.php?rest_route=%2Fwp%2Fv2%2Fcomments&post=171"}],"version-history":[{"count":8,"href":"https:\/\/aufkleber-druck-profi.de\/index.php?rest_route=\/wp\/v2\/pages\/171\/revisions"}],"predecessor-version":[{"id":341,"href":"https:\/\/aufkleber-druck-profi.de\/index.php?rest_route=\/wp\/v2\/pages\/171\/revisions\/341"}],"wp:attachment":[{"href":"https:\/\/aufkleber-druck-profi.de\/index.php?rest_route=%2Fwp%2Fv2%2Fmedia&parent=171"}],"curies":[{"name":"wp","href":"https:\/\/api.w.org\/{rel}","templated":true}]}}